{"id":548,"date":"2024-04-22T00:10:43","date_gmt":"2024-04-21T22:10:43","guid":{"rendered":"http:\/\/www.tgm.solutions\/?page_id=548"},"modified":"2025-07-30T22:14:53","modified_gmt":"2025-07-30T20:14:53","slug":"technical-weight-management","status":"publish","type":"page","link":"https:\/\/www.tgm.solutions\/en\/technisches-gewichtsmanagement\/","title":{"rendered":"Technical weight management"},"content":{"rendered":"<p>A successfully established technical weight management system that is coordinated with the processes ensures that a realistic and equally ambitious weight target is set at an early stage. Weight management is the foundation of lightweight design consulting and helps to sharpen weight forecasts, avoid late corrective measures and demand accountability and decisions at the right time. If carried out consistently, weight management ensures that the weight targets set are achieved and that the necessary transparency for decision-making prevails at all times during the product development period.<\/p>\n\n\n\n<p>First of all, the terminology used, i.e. the definition of the individual mass properties and targets, is defined. In this context, mark-ups and reserves are also already provided for in order to absorb changes, tolerances and risks during development. This makes it possible to define a target weight that is both achievable and, in particular, meets the technical and sales policy requirements. The decisive factor here is to break down and define the weight limit up to the base weight top-down. Depending on the reference situation, functional or constructive weight breaks are used.<\/p>\n\n\n\n<p>Weight management includes recording and evaluating important project data such as centers of gravity, inertias and individual masses as well as reporting the status and identifying potential problems such as exceeding technical or regulatory limits. Other areas include the weight analysis of components as well as the evaluation of scenarios and the provision of forecasts.<\/p>\n\n\n\n<p>During development, the weight forecast is then derived bottom-up based on the maturity level of the respective component and statistical allowances. Depending on the complexity of the component, lists, tools or even software solutions such as the <a href=\"http:\/\/www.tgm.solutions\/en\/software\/#wdt\" data-type=\"link\" data-id=\"http:\/\/www.tgm.solutions\/software\/#wdt\">WDT<\/a> or <a href=\"http:\/\/www.tgm.solutions\/en\/software\/#smartact\" data-type=\"link\" data-id=\"http:\/\/www.tgm.solutions\/software\/#smartact\">Smart Act<\/a> is used. The determined component weights are cumulated and constantly measured against the mass limit. The continuously updated weight or weight forecast of the product and its individual parts is tracked as part of risk management. This ensures ongoing transparency for management regarding the current status of target achievement and any necessary control interventions.<\/p>","protected":false},"excerpt":{"rendered":"<p>Ein erfolgreich aufgesetztes und mit den Prozessen abgestimmtes technisches Gewichtsmanagement sorgt daf\u00fcr, dass bereits in fr\u00fchen Phasen ein realistisches und ebenso ambitioniertes Gewichtsziel festgelegt wird. Das Gewichtsmanagement ist das Fundament der Leichtbauberatung und tr\u00e4gt dazu bei die Gewichtsprognosen zu sch\u00e4rfen, sp\u00e4te Korrekturma\u00dfnahmen zu vermeiden und Verantwortlichkeit bzw. Entscheidungen zum richtigen Zeitpunkt einzufordern. Das Gewichtsmanagement stellt [&hellip;]<\/p>\n","protected":false},"author":1,"featured_media":0,"parent":0,"menu_order":0,"comment_status":"closed","ping_status":"closed","template":"","meta":{"_seopress_robots_primary_cat":"","_seopress_titles_title":"","_seopress_titles_desc":"","_seopress_robots_index":"","footnotes":""},"class_list":["post-548","page","type-page","status-publish","hentry"],"meta_box":[],"_links":{"self":[{"href":"https:\/\/www.tgm.solutions\/en\/wp-json\/wp\/v2\/pages\/548","targetHints":{"allow":["GET"]}}],"collection":[{"href":"https:\/\/www.tgm.solutions\/en\/wp-json\/wp\/v2\/pages"}],"about":[{"href":"https:\/\/www.tgm.solutions\/en\/wp-json\/wp\/v2\/types\/page"}],"author":[{"embeddable":true,"href":"https:\/\/www.tgm.solutions\/en\/wp-json\/wp\/v2\/users\/1"}],"replies":[{"embeddable":true,"href":"https:\/\/www.tgm.solutions\/en\/wp-json\/wp\/v2\/comments?post=548"}],"version-history":[{"count":17,"href":"https:\/\/www.tgm.solutions\/en\/wp-json\/wp\/v2\/pages\/548\/revisions"}],"predecessor-version":[{"id":14558,"href":"https:\/\/www.tgm.solutions\/en\/wp-json\/wp\/v2\/pages\/548\/revisions\/14558"}],"wp:attachment":[{"href":"https:\/\/www.tgm.solutions\/en\/wp-json\/wp\/v2\/media?parent=548"}],"curies":[{"name":"wp","href":"https:\/\/api.w.org\/{rel}","templated":true}]}}